{"id":178,"date":"2023-04-04T15:54:39","date_gmt":"2023-04-04T13:54:39","guid":{"rendered":"https:\/\/elis-coaching.com\/?page_id=178"},"modified":"2023-09-29T22:18:12","modified_gmt":"2023-09-29T20:18:12","slug":"evenements","status":"publish","type":"page","link":"https:\/\/elis-coaching.com\/?page_id=178","title":{"rendered":"\u00e9v\u00e8nements"},"content":{"rendered":"<p>[et_pb_section fb_built=&#8221;1&#8243; module_id=&#8221;evenements&#8221; _builder_version=&#8221;4.17.0&#8243; _module_preset=&#8221;default&#8221; background_color=&#8221;#f9f9f9&#8243; custom_padding=&#8221;15px||15px||true|false&#8221; global_colors_info=&#8221;{}&#8221;][et_pb_row _builder_version=&#8221;4.17.0&#8243; _module_preset=&#8221;default&#8221; width=&#8221;100%&#8221; custom_padding=&#8221;||5px|||&#8221; global_colors_info=&#8221;{}&#8221;][et_pb_column type=&#8221;4_4&#8243; _builder_version=&#8221;4.17.0&#8243; _module_preset=&#8221;default&#8221; global_colors_info=&#8221;{}&#8221;][et_pb_text _builder_version=&#8221;4.17.0&#8243; _module_preset=&#8221;default&#8221; text_font=&#8221;Montserrat|700||on|||||&#8221; text_text_color=&#8221;#303944&#8243; text_font_size=&#8221;29px&#8221; custom_margin=&#8221;||6px||false|false&#8221; global_colors_info=&#8221;{}&#8221;]<\/p>\n<p style=\"text-align: center;\">\u00e9v\u00e9nements<\/p>\n<p>[\/et_pb_text][\/et_pb_column][\/et_pb_row][et_pb_row column_structure=&#8221;1_3,1_3,1_3&#8243; make_equal=&#8221;on&#8221; _builder_version=&#8221;4.17.0&#8243; _module_preset=&#8221;default&#8221; width=&#8221;100%&#8221; width_tablet=&#8221;100%&#8221; width_phone=&#8221;95%&#8221; width_last_edited=&#8221;on|phone&#8221; locked=&#8221;off&#8221; global_colors_info=&#8221;{}&#8221;][et_pb_column type=&#8221;1_3&#8243; _builder_version=&#8221;4.17.0&#8243; _module_preset=&#8221;default&#8221; background_color=&#8221;#303944&#8243; custom_padding=&#8221;15px|10px|15px|10px|true|true&#8221; border_radii=&#8221;on|15px|15px|15px|15px&#8221; global_colors_info=&#8221;{}&#8221;][et_pb_text _builder_version=&#8221;4.17.0&#8243; _module_preset=&#8221;default&#8221; text_font=&#8221;Montserrat|700|||||||&#8221; text_text_color=&#8221;#FFFFFF&#8221; text_font_size=&#8221;23px&#8221; header_5_font=&#8221;Montserrat|700|||||||&#8221; header_5_font_size=&#8221;26px&#8221; custom_margin=&#8221;||20px|||&#8221; global_colors_info=&#8221;{}&#8221;]<\/p>\n<p style=\"text-align: center;\">HIIT confirm\u00e9<\/p>\n<p style=\"text-align: center;\">[\/et_pb_text][et_pb_text _builder_version=&#8221;4.22.2&#8243; _module_preset=&#8221;default&#8221; text_font=&#8221;Montserrat||||||||&#8221; text_text_color=&#8221;#FFFFFF&#8221; text_font_size=&#8221;15px&#8221; text_line_height=&#8221;1.2em&#8221; header_5_font=&#8221;Montserrat|700|||||||&#8221; header_5_font_size=&#8221;26px&#8221; global_colors_info=&#8221;{}&#8221;]<\/p>\n<p style=\"text-align: center;\">Le 1er Jeudi de chaque mois !<\/p>\n<p style=\"text-align: center;\">18h-19h<\/p>\n<p style=\"text-align: center;\">(5 personnes maximum)<\/p>\n<p>[\/et_pb_text][et_pb_button button_url=&#8221;https:\/\/elis-coaching.com\/?page_id=25\/#resa&#8221; button_text=&#8221;R\u00e9servations&#8221; button_alignment=&#8221;center&#8221; _builder_version=&#8221;4.17.0&#8243; _module_preset=&#8221;default&#8221; custom_button=&#8221;on&#8221; button_text_size=&#8221;17px&#8221; button_text_color=&#8221;#FFFFFF&#8221; button_bg_color=&#8221;#4484c9&#8243; button_border_width=&#8221;0px&#8221; button_border_radius=&#8221;15px&#8221; button_font=&#8221;Montserrat||||||||&#8221; global_colors_info=&#8221;{}&#8221;][\/et_pb_button][\/et_pb_column][et_pb_column type=&#8221;1_3&#8243; _builder_version=&#8221;4.17.0&#8243; _module_preset=&#8221;default&#8221; background_color=&#8221;#303944&#8243; custom_padding=&#8221;15px|10px|15px|10px|true|true&#8221; border_radii=&#8221;on|15px|15px|15px|15px&#8221; global_colors_info=&#8221;{}&#8221;][et_pb_text _builder_version=&#8221;4.17.0&#8243; _module_preset=&#8221;default&#8221; text_font=&#8221;Montserrat|700|||||||&#8221; text_text_color=&#8221;#FFFFFF&#8221; text_font_size=&#8221;23px&#8221; header_5_font=&#8221;Montserrat|700|||||||&#8221; header_5_font_size=&#8221;26px&#8221; custom_margin=&#8221;||20px|||&#8221; global_colors_info=&#8221;{}&#8221;]<\/p>\n<p style=\"text-align: center;\">HIIT d\u00e9butant<\/p>\n<p style=\"text-align: center;\">[\/et_pb_text][et_pb_text _builder_version=&#8221;4.22.2&#8243; _module_preset=&#8221;default&#8221; text_font=&#8221;Montserrat||||||||&#8221; text_text_color=&#8221;#FFFFFF&#8221; text_font_size=&#8221;15px&#8221; text_line_height=&#8221;1.2em&#8221; header_5_font=&#8221;Montserrat|700|||||||&#8221; header_5_font_size=&#8221;26px&#8221; global_colors_info=&#8221;{}&#8221;]<\/p>\n<p style=\"text-align: center;\">Le 2e Jeudi de chaque mois !<\/p>\n<p style=\"text-align: center;\">18h-19h<\/p>\n<p style=\"text-align: center;\">(5 personnes maximum)<\/p>\n<p>[\/et_pb_text][et_pb_button button_url=&#8221;https:\/\/elis-coaching.com\/?page_id=25\/#resa&#8221; button_text=&#8221;R\u00e9servations&#8221; button_alignment=&#8221;center&#8221; _builder_version=&#8221;4.17.0&#8243; _module_preset=&#8221;default&#8221; custom_button=&#8221;on&#8221; button_text_size=&#8221;17px&#8221; button_text_color=&#8221;#FFFFFF&#8221; button_bg_color=&#8221;#4484c9&#8243; button_border_width=&#8221;0px&#8221; button_border_radius=&#8221;15px&#8221; button_font=&#8221;Montserrat||||||||&#8221; global_colors_info=&#8221;{}&#8221;][\/et_pb_button][\/et_pb_column][et_pb_column type=&#8221;1_3&#8243; _builder_version=&#8221;4.17.0&#8243; _module_preset=&#8221;default&#8221; background_color=&#8221;#303944&#8243; custom_padding=&#8221;15px|10px|15px|10px|true|true&#8221; border_radii=&#8221;on|15px|15px|15px|15px&#8221; global_colors_info=&#8221;{}&#8221;][et_pb_text _builder_version=&#8221;4.22.2&#8243; _module_preset=&#8221;default&#8221; text_font=&#8221;Montserrat|700|||||||&#8221; text_text_color=&#8221;#FFFFFF&#8221; text_font_size=&#8221;23px&#8221; header_5_font=&#8221;Montserrat|700|||||||&#8221; header_5_font_size=&#8221;26px&#8221; custom_margin=&#8221;||20px|||&#8221; global_colors_info=&#8221;{}&#8221;]<\/p>\n<p style=\"text-align: center;\">100% Blazepods<\/p>\n<p style=\"text-align: center;\">[\/et_pb_text][et_pb_text _builder_version=&#8221;4.22.2&#8243; _module_preset=&#8221;default&#8221; text_font=&#8221;Montserrat||||||||&#8221; text_text_color=&#8221;#FFFFFF&#8221; text_font_size=&#8221;15px&#8221; text_line_height=&#8221;1.2em&#8221; header_5_font=&#8221;Montserrat|700|||||||&#8221; header_5_font_size=&#8221;26px&#8221; hover_enabled=&#8221;0&#8243; global_colors_info=&#8221;{}&#8221; sticky_enabled=&#8221;0&#8243;]<\/p>\n<p style=\"text-align: center;\">Dernier Jeudi de chaque mois !<\/p>\n<p style=\"text-align: center;\">18h-19h<\/p>\n<p style=\"text-align: center;\">(1 personne minimum)<\/p>\n<p>[\/et_pb_text][et_pb_button button_url=&#8221;https:\/\/elis-coaching.com\/?page_id=25\/#resa&#8221; button_text=&#8221;R\u00e9servations&#8221; button_alignment=&#8221;center&#8221; _builder_version=&#8221;4.17.0&#8243; _module_preset=&#8221;default&#8221; custom_button=&#8221;on&#8221; button_text_size=&#8221;17px&#8221; button_text_color=&#8221;#FFFFFF&#8221; button_bg_color=&#8221;#4484c9&#8243; button_border_width=&#8221;0px&#8221; button_border_radius=&#8221;15px&#8221; button_font=&#8221;Montserrat||||||||&#8221; global_colors_info=&#8221;{}&#8221;][\/et_pb_button][\/et_pb_column][\/et_pb_row][\/et_pb_section][et_pb_section fb_built=&#8221;1&#8243; _builder_version=&#8221;4.17.0&#8243; _module_preset=&#8221;default&#8221; custom_padding=&#8221;15px||15px||true|false&#8221; global_colors_info=&#8221;{}&#8221;][et_pb_row column_structure=&#8221;1_3,2_3&#8243; make_equal=&#8221;on&#8221; _builder_version=&#8221;4.17.0&#8243; _module_preset=&#8221;default&#8221; width=&#8221;100%&#8221; width_tablet=&#8221;100%&#8221; width_phone=&#8221;95%&#8221; width_last_edited=&#8221;on|phone&#8221; custom_padding=&#8221;35px||35px||true|false&#8221; global_colors_info=&#8221;{}&#8221;][et_pb_column type=&#8221;1_3&#8243; _builder_version=&#8221;4.17.0&#8243; _module_preset=&#8221;default&#8221; background_image=&#8221;http:\/\/elis-coaching.com\/wp-content\/uploads\/2023\/04\/2021-09-05_090_DSC_2623-Copyright-Bruno-Lavit.jpg&#8221; background_position=&#8221;top_right&#8221; border_radii=&#8221;on|20px|20px|20px|20px&#8221; box_shadow_style=&#8221;preset1&#8243; global_colors_info=&#8221;{}&#8221;][et_pb_text disabled_on=&#8221;off|off|on&#8221; _builder_version=&#8221;4.17.0&#8243; _module_preset=&#8221;default&#8221; custom_margin=&#8221;400px||400px||true|false&#8221; global_colors_info=&#8221;{}&#8221;][\/et_pb_text][\/et_pb_column][et_pb_column type=&#8221;2_3&#8243; _builder_version=&#8221;4.17.0&#8243; _module_preset=&#8221;default&#8221; global_colors_info=&#8221;{}&#8221;][et_pb_text _builder_version=&#8221;4.17.0&#8243; _module_preset=&#8221;default&#8221; text_font=&#8221;Montserrat|700|||||||&#8221; text_text_color=&#8221;#303944&#8243; text_font_size=&#8221;29px&#8221; custom_margin=&#8221;||30px||false|false&#8221; custom_margin_tablet=&#8221;||30px||false|false&#8221; custom_margin_phone=&#8221;20px||30px||false|false&#8221; custom_margin_last_edited=&#8221;on|phone&#8221; global_colors_info=&#8221;{}&#8221;]<\/p>\n<p>Projets futurs<\/p>\n<p>[\/et_pb_text][et_pb_text _builder_version=&#8221;4.22.2&#8243; _module_preset=&#8221;default&#8221; text_font=&#8221;Montserrat||||||||&#8221; text_text_color=&#8221;#303944&#8243; text_font_size=&#8221;16px&#8221; text_line_height=&#8221;1.3em&#8221; custom_margin=&#8221;||15px||false|false&#8221; text_font_size_tablet=&#8221;16px&#8221; text_font_size_phone=&#8221;15px&#8221; text_font_size_last_edited=&#8221;on|phone&#8221; global_colors_info=&#8221;{}&#8221;]<\/p>\n<p>\u2713 <span role=\"presentation\" dir=\"ltr\">Formation certi<\/span><span class=\"markedContent\"><span role=\"presentation\" dir=\"ltr\">fi<\/span><\/span><span role=\"presentation\" dir=\"ltr\">\u00e9e compl\u00e9mentaire pr\u00e9vue \u00e0 partir de l&#8217;Automne 2024 chez PT Coaching Academy sur le <\/span><strong><span role=\"presentation\" dir=\"ltr\">Perfectionnement en mati\u00e8re de Pr\u00e9paration Physique. <\/span><\/strong><\/p>\n<p><span role=\"presentation\" dir=\"ltr\">Th\u00e8mes couverts :<\/span><\/p>\n<p><span role=\"presentation\" dir=\"ltr\"><\/span><\/p>\n<ul>\n<li><span role=\"presentation\" dir=\"ltr\">lipolyse<\/span><\/li>\n<li><span role=\"presentation\" dir=\"ltr\">souplesse<\/span><\/li>\n<li><span role=\"presentation\" dir=\"ltr\">tests de terrain<\/span><\/li>\n<li><span role=\"presentation\" dir=\"ltr\">endurance et entra\u00eenement en altitude<\/span><\/li>\n<li><span role=\"presentation\" dir=\"ltr\">hypertrophie<\/span><\/li>\n<li><span role=\"presentation\" dir=\"ltr\">force<\/span><\/li>\n<li><span role=\"presentation\" dir=\"ltr\">puissance<\/span><\/li>\n<li><span role=\"presentation\" dir=\"ltr\">vitesse<\/span><\/li>\n<li><span role=\"presentation\" dir=\"ltr\">adresse<\/span><\/li>\n<li><span role=\"presentation\" dir=\"ltr\">proprioception et coordination<\/span><\/li>\n<\/ul>\n<p>[\/et_pb_text][\/et_pb_column][\/et_pb_row][\/et_pb_section]<\/p>\n","protected":false},"excerpt":{"rendered":"<p>\u00e9v\u00e9nementsHIIT confirm\u00e9 Le 1er Jeudi de chaque mois ! 18h-19h (5 personnes maximum)HIIT d\u00e9butant Le 2e Jeudi de chaque mois ! 18h-19h (5 personnes maximum)100% Blazepods Dernier Jeudi de chaque mois ! 18h-19h (1 personne minimum)Projets futurs\u2713 Formation certifi\u00e9e compl\u00e9mentaire pr\u00e9vue \u00e0 partir de l&#8217;Automne 2024 chez PT Coaching Academy sur le Perfectionnement en mati\u00e8re [&hellip;]<\/p>\n","protected":false},"author":1,"featured_media":0,"parent":0,"menu_order":0,"comment_status":"closed","ping_status":"closed","template":"","meta":{"_et_pb_use_builder":"on","_et_pb_old_content":"","_et_gb_content_width":"","footnotes":""},"class_list":["post-178","page","type-page","status-publish","hentry"],"_links":{"self":[{"href":"https:\/\/elis-coaching.com\/index.php?rest_route=\/wp\/v2\/pages\/178","targetHints":{"allow":["GET"]}}],"collection":[{"href":"https:\/\/elis-coaching.com\/index.php?rest_route=\/wp\/v2\/pages"}],"about":[{"href":"https:\/\/elis-coaching.com\/index.php?rest_route=\/wp\/v2\/types\/page"}],"author":[{"embeddable":true,"href":"https:\/\/elis-coaching.com\/index.php?rest_route=\/wp\/v2\/users\/1"}],"replies":[{"embeddable":true,"href":"https:\/\/elis-coaching.com\/index.php?rest_route=%2Fwp%2Fv2%2Fcomments&post=178"}],"version-history":[{"count":15,"href":"https:\/\/elis-coaching.com\/index.php?rest_route=\/wp\/v2\/pages\/178\/revisions"}],"predecessor-version":[{"id":454,"href":"https:\/\/elis-coaching.com\/index.php?rest_route=\/wp\/v2\/pages\/178\/revisions\/454"}],"wp:attachment":[{"href":"https:\/\/elis-coaching.com\/index.php?rest_route=%2Fwp%2Fv2%2Fmedia&parent=178"}],"curies":[{"name":"wp","href":"https:\/\/api.w.org\/{rel}","templated":true}]}}