{"id":278,"date":"2023-04-17T14:15:13","date_gmt":"2023-04-17T12:15:13","guid":{"rendered":"https:\/\/elis-coaching.com\/?page_id=278"},"modified":"2023-04-21T16:03:39","modified_gmt":"2023-04-21T14:03:39","slug":"cgu","status":"publish","type":"page","link":"https:\/\/elis-coaching.com\/?page_id=278","title":{"rendered":"CGU"},"content":{"rendered":"<p>[et_pb_section fb_built=&#8221;1&#8243; _builder_version=&#8221;4.17.0&#8243; _module_preset=&#8221;default&#8221; global_colors_info=&#8221;{}&#8221;][et_pb_row _builder_version=&#8221;4.17.0&#8243; _module_preset=&#8221;default&#8221; global_colors_info=&#8221;{}&#8221;][et_pb_column type=&#8221;4_4&#8243; _builder_version=&#8221;4.17.0&#8243; _module_preset=&#8221;default&#8221; global_colors_info=&#8221;{}&#8221;][et_pb_text _builder_version=&#8221;4.17.0&#8243; _module_preset=&#8221;default&#8221; text_text_color=&#8221;#000000&#8243; text_font_size=&#8221;15px&#8221; header_4_font=&#8221;|700|||||||&#8221; header_4_font_size=&#8221;22px&#8221; hover_enabled=&#8221;0&#8243; global_colors_info=&#8221;{}&#8221; sticky_enabled=&#8221;0&#8243;]<\/p>\n<h4 style=\"text-align: left;\">Conditions g\u00e9n\u00e9rales<\/h4>\n<p>&nbsp;<\/p>\n<p style=\"text-align: left;\"><strong>1. Organisation et planification des cours<\/strong><\/p>\n<p style=\"text-align: left;\">Le client informe le coach lors du premier rendez-vous de ses disponibilit\u00e9s pour planifier les s\u00e9ances d\u2019entra\u00eenements au minimum 1 semaine \u00e0 l\u2019avance.<\/p>\n<p style=\"text-align: left;\">\n<p style=\"text-align: left;\"><strong>2. D\u00e9lai d\u2019ex\u00e9cution du contrat<\/strong><\/p>\n<p style=\"text-align: left;\">\u2022 Le contrat doit \u00eatre ex\u00e9cut\u00e9 dans le d\u00e9lai imparti \u00e0 savoir : dans les 3 mois d\u00e8s la conclusion du contrat pour les engagements de 12 s\u00e9ances.<br \/>\u2022 Le contrat doit \u00eatre ex\u00e9cut\u00e9 dans le d\u00e9lai imparti \u00e0 savoir : dans les 6 mois d\u00e8s la conclusion du contrat pour les engagements de 24 s\u00e9ances.<\/p>\n<p style=\"text-align: left;\">\n<p style=\"text-align: left;\"><strong>3. Absences pour cause de vacances\/cong\u00e9s\/maladie<\/strong><\/p>\n<p style=\"text-align: left;\">\u2022 Le client informe le coach de ses vacances (horizon 3 mois) au moment de la conclusion du contrat. Les entrainements manqu\u00e9s seront rattrap\u00e9s d\u00e8s le retour du client.<br \/>\u2022 En cas de maladie, les entra\u00eenements manqu\u00e9s seront rattrap\u00e9s d\u00e8s le retour du client durant les 3 ou 6 mois d\u2019engagement. Toute absence de longue dur\u00e9e, en cas de maladie, devra \u00eatre justifi\u00e9e par un certificat m\u00e9dical. La planification initiale sera ajust\u00e9e sans surco\u00fbt.<\/p>\n<p style=\"text-align: left;\">\n<p style=\"text-align: left;\"><strong>4. Annulation de la s\u00e9ance<\/strong><\/p>\n<p style=\"text-align: left;\">Tout rendez-vous manqu\u00e9 et non annul\u00e9 moins de 2 heures \u00e0 l\u2019avance sera d\u2019office comptabilis\u00e9.<\/p>\n<p style=\"text-align: left;\">\n<p style=\"text-align: left;\"><strong>5. Rupture du contrat<\/strong><\/p>\n<p style=\"text-align: left;\">L\u2019abonnement est conclu pour une dur\u00e9e d\u00e9termin\u00e9e et ne peut \u00eatre rompu. Il n\u2019est en aucun cas remboursable.<\/p>\n<p style=\"text-align: left;\">\n<p style=\"text-align: left;\"><strong>6. Modifications<\/strong><\/p>\n<p style=\"text-align: left;\">Elis Coaching se r\u00e9serve la possibilit\u00e9 d\u2019adapter ou de modifier \u00e0 tout moment les pr\u00e9sentes conditions g\u00e9n\u00e9rales. Si cela avait lieu, celles-ci feraient l\u2019objet d\u2019un nouveau contrat qui rentrerait en vigueur le jour de sa conclusion.<\/p>\n<p style=\"text-align: left;\">\n<p style=\"text-align: left;\"><strong>7. Responsabilit\u00e9<\/strong><\/p>\n<p style=\"text-align: left;\">Elis Coaching d\u00e9cline toute responsabilit\u00e9 pour tout dommage survenant en cas de mauvaise utilisation ou d\u2019incompatibilit\u00e9 m\u00e9dicale en ce qui concerne le mat\u00e9riel utilis\u00e9 et les exercices effectu\u00e9s lors de la s\u00e9ance. En effet le client a l\u2019obligation d\u2019informer Elis Coaching de tout probl\u00e8me m\u00e9dical pouvant entraver l\u2019objectif des s\u00e9ances.<\/p>\n<p style=\"text-align: left;\">\n<p style=\"text-align: left;\"><strong>8. Conditions de paiement<\/strong><\/p>\n<p style=\"text-align: left;\">\u2022 Les cours individuels, sans engagement, seront pay\u00e9s en fin de s\u00e9ance. Idem pour les cours collectifs (HIIT du Jeudi) selon le nombre de personnes pr\u00e9sentes.<br \/>\u2022 Les formules de cours r\u00e9guliers (Pack Boost, Pack Super ou Pack Ultra Boost) seront pay\u00e9s \u00e0 l\u2019avance via le module de r\u00e9servation.<\/p>\n<p style=\"text-align: left;\">\n<p style=\"text-align: left;\"><strong>9. For et droit applicable<\/strong><\/p>\n<p style=\"text-align: left;\">Pour tout litige pouvant survenir entre les parties, le droit suisse s\u2019applique pour toutes les questions d\u2019ordre juridique<\/p>\n<p>[\/et_pb_text][\/et_pb_column][\/et_pb_row][\/et_pb_section]<\/p>\n","protected":false},"excerpt":{"rendered":"<p>Conditions g\u00e9n\u00e9rales &nbsp; 1. Organisation et planification des cours Le client informe le coach lors du premier rendez-vous de ses disponibilit\u00e9s pour planifier les s\u00e9ances d\u2019entra\u00eenements au minimum 1 semaine \u00e0 l\u2019avance. 2. D\u00e9lai d\u2019ex\u00e9cution du contrat \u2022 Le contrat doit \u00eatre ex\u00e9cut\u00e9 dans le d\u00e9lai imparti \u00e0 savoir : dans les 3 mois d\u00e8s [&hellip;]<\/p>\n","protected":false},"author":1,"featured_media":0,"parent":0,"menu_order":0,"comment_status":"closed","ping_status":"closed","template":"","meta":{"_et_pb_use_builder":"on","_et_pb_old_content":"","_et_gb_content_width":"","footnotes":""},"class_list":["post-278","page","type-page","status-publish","hentry"],"_links":{"self":[{"href":"https:\/\/elis-coaching.com\/index.php?rest_route=\/wp\/v2\/pages\/278","targetHints":{"allow":["GET"]}}],"collection":[{"href":"https:\/\/elis-coaching.com\/index.php?rest_route=\/wp\/v2\/pages"}],"about":[{"href":"https:\/\/elis-coaching.com\/index.php?rest_route=\/wp\/v2\/types\/page"}],"author":[{"embeddable":true,"href":"https:\/\/elis-coaching.com\/index.php?rest_route=\/wp\/v2\/users\/1"}],"replies":[{"embeddable":true,"href":"https:\/\/elis-coaching.com\/index.php?rest_route=%2Fwp%2Fv2%2Fcomments&post=278"}],"version-history":[{"count":5,"href":"https:\/\/elis-coaching.com\/index.php?rest_route=\/wp\/v2\/pages\/278\/revisions"}],"predecessor-version":[{"id":321,"href":"https:\/\/elis-coaching.com\/index.php?rest_route=\/wp\/v2\/pages\/278\/revisions\/321"}],"wp:attachment":[{"href":"https:\/\/elis-coaching.com\/index.php?rest_route=%2Fwp%2Fv2%2Fmedia&parent=278"}],"curies":[{"name":"wp","href":"https:\/\/api.w.org\/{rel}","templated":true}]}}