{"id":34,"date":"2023-03-15T09:44:45","date_gmt":"2023-03-15T08:44:45","guid":{"rendered":"https:\/\/elis-coaching.com\/?page_id=34"},"modified":"2023-05-31T01:02:55","modified_gmt":"2023-05-30T23:02:55","slug":"avis","status":"publish","type":"page","link":"https:\/\/elis-coaching.com\/?page_id=34","title":{"rendered":"Avis"},"content":{"rendered":"<p>[et_pb_section fb_built=&#8221;1&#8243; _builder_version=&#8221;4.17.0&#8243; _module_preset=&#8221;default&#8221; background_enable_image=&#8221;off&#8221; background_size=&#8221;stretch&#8221; custom_margin=&#8221;14px|||||&#8221; custom_padding=&#8221;29px||20px|||&#8221; global_colors_info=&#8221;{}&#8221;][et_pb_row column_structure=&#8221;1_3,2_3&#8243; use_custom_gutter=&#8221;on&#8221; gutter_width=&#8221;2&#8243; make_equal=&#8221;on&#8221; _builder_version=&#8221;4.17.0&#8243; _module_preset=&#8221;default&#8221; background_enable_image=&#8221;off&#8221; width=&#8221;100%&#8221; width_tablet=&#8221;100%&#8221; width_phone=&#8221;95%&#8221; width_last_edited=&#8221;on|phone&#8221; hover_enabled=&#8221;0&#8243; locked=&#8221;off&#8221; global_colors_info=&#8221;{}&#8221; sticky_enabled=&#8221;0&#8243;][et_pb_column type=&#8221;1_3&#8243; _builder_version=&#8221;4.17.0&#8243; _module_preset=&#8221;default&#8221; background_image=&#8221;http:\/\/elis-coaching.com\/wp-content\/uploads\/2023\/04\/a586c2e3-b878-44f2-b1c2-2bc861707a21.jpg&#8221; hover_enabled=&#8221;0&#8243; border_radii=&#8221;on|20px|20px|20px|20px&#8221; global_colors_info=&#8221;{}&#8221; custom_padding_last_edited=&#8221;on|phone&#8221; custom_padding_phone=&#8221;200px||200px||true|false&#8221; sticky_enabled=&#8221;0&#8243;][et_pb_text _builder_version=&#8221;4.17.0&#8243; _module_preset=&#8221;default&#8221; hover_enabled=&#8221;0&#8243; sticky_enabled=&#8221;0&#8243; disabled_on=&#8221;off|off|on&#8221;][\/et_pb_text][\/et_pb_column][et_pb_column type=&#8221;2_3&#8243; _builder_version=&#8221;4.17.0&#8243; _module_preset=&#8221;default&#8221; background_color=&#8221;#F7F7F7&#8243; background_image=&#8221;http:\/\/elis-coaching.com\/wp-content\/uploads\/2023\/03\/quotes-1.png&#8221; background_size=&#8221;initial&#8221; background_position=&#8221;bottom_right&#8221; custom_padding=&#8221;20px|20px|20px|20px|true|true&#8221; border_radii=&#8221;on|20px|20px|20px|20px&#8221; global_colors_info=&#8221;{}&#8221;][et_pb_text _builder_version=&#8221;4.17.0&#8243; _module_preset=&#8221;default&#8221; text_font=&#8221;Montserrat|700|||||||&#8221; text_text_color=&#8221;#303944&#8243; text_font_size=&#8221;25px&#8221; custom_margin=&#8221;||13px|||&#8221; global_colors_info=&#8221;{}&#8221;]<\/p>\n<p>Christelle, Mars 2023<\/p>\n<p>[\/et_pb_text][et_pb_divider color=&#8221;#303944&#8243; divider_weight=&#8221;3px&#8221; _builder_version=&#8221;4.17.0&#8243; _module_preset=&#8221;default&#8221; width=&#8221;8%&#8221; custom_margin=&#8221;||-5px||false|false&#8221; custom_padding=&#8221;||0px||false|false&#8221; global_colors_info=&#8221;{}&#8221;][\/et_pb_divider][et_pb_text _builder_version=&#8221;4.17.0&#8243; _module_preset=&#8221;default&#8221; text_font=&#8221;Montserrat||||||||&#8221; text_text_color=&#8221;#000000&#8243; custom_margin=&#8221;||20px||false|false&#8221; hover_enabled=&#8221;0&#8243; global_colors_info=&#8221;{}&#8221; sticky_enabled=&#8221;0&#8243;]<\/p>\n<p>Elisabeth m&#8217;a coach\u00e9 pour ma Spartan (5 km) \u00e0 Valmorel (Janvier 2023). Pour la pr\u00e9paration, ce f\u00fbt 2 mois d&#8217;entra\u00eenements intenses avec \u00e0 la clef une \u00e9volution significative. Elle m&#8217;a pr\u00e9par\u00e9 un programme vraiment adapt\u00e9 et vari\u00e9, tant pour les s\u00e9ances cardio que les s\u00e9ances renforcement musculaire, grips, etc.<\/p>\n<p>Elle me pr\u00e9pare \u00e0 nouveau pour ma Spartan (10 km) de Morzine (Juillet 2023). Je suis ravie de l&#8217;avoir comme coach avec moi afin d&#8217;atteindre mes objectifs. Elle me motive sans cesse et c&#8217;est un point important pour moi.<\/p>\n<p>Lorsque je dois m&#8217;entra\u00eener seule, je suis contente de lui montrer ce que j&#8217;ai r\u00e9ussi \u00e0 faire car le travail en amont c&#8217;est gr\u00e2ce \u00e0 elle, et gr\u00e2ce \u00e0 elle \u00e9galement que je suis l\u00e0 o\u00f9 j&#8217;en suis maintenant. Elle motive \u00e0 vraiment donner le meilleur de nous-m\u00eames.<\/p>\n<p>Merci Elisabeth d&#8217;\u00eatre l\u00e0 et pour ce que tu fais !<\/p>\n<p>[\/et_pb_text][\/et_pb_column][\/et_pb_row][\/et_pb_section]<\/p>\n","protected":false},"excerpt":{"rendered":"<p>Christelle, Mars 2023Elisabeth m&#8217;a coach\u00e9 pour ma Spartan (5 km) \u00e0 Valmorel (Janvier 2023). Pour la pr\u00e9paration, ce f\u00fbt 2 mois d&#8217;entra\u00eenements intenses avec \u00e0 la clef une \u00e9volution significative. Elle m&#8217;a pr\u00e9par\u00e9 un programme vraiment adapt\u00e9 et vari\u00e9, tant pour les s\u00e9ances cardio que les s\u00e9ances renforcement musculaire, grips, etc. Elle me pr\u00e9pare \u00e0 [&hellip;]<\/p>\n","protected":false},"author":1,"featured_media":0,"parent":0,"menu_order":0,"comment_status":"closed","ping_status":"closed","template":"","meta":{"_et_pb_use_builder":"on","_et_pb_old_content":"","_et_gb_content_width":"","footnotes":""},"class_list":["post-34","page","type-page","status-publish","hentry"],"_links":{"self":[{"href":"https:\/\/elis-coaching.com\/index.php?rest_route=\/wp\/v2\/pages\/34","targetHints":{"allow":["GET"]}}],"collection":[{"href":"https:\/\/elis-coaching.com\/index.php?rest_route=\/wp\/v2\/pages"}],"about":[{"href":"https:\/\/elis-coaching.com\/index.php?rest_route=\/wp\/v2\/types\/page"}],"author":[{"embeddable":true,"href":"https:\/\/elis-coaching.com\/index.php?rest_route=\/wp\/v2\/users\/1"}],"replies":[{"embeddable":true,"href":"https:\/\/elis-coaching.com\/index.php?rest_route=%2Fwp%2Fv2%2Fcomments&post=34"}],"version-history":[{"count":10,"href":"https:\/\/elis-coaching.com\/index.php?rest_route=\/wp\/v2\/pages\/34\/revisions"}],"predecessor-version":[{"id":409,"href":"https:\/\/elis-coaching.com\/index.php?rest_route=\/wp\/v2\/pages\/34\/revisions\/409"}],"wp:attachment":[{"href":"https:\/\/elis-coaching.com\/index.php?rest_route=%2Fwp%2Fv2%2Fmedia&parent=34"}],"curies":[{"name":"wp","href":"https:\/\/api.w.org\/{rel}","templated":true}]}}